{"id":314,"date":"2020-01-27T08:29:32","date_gmt":"2020-01-27T08:29:32","guid":{"rendered":"https:\/\/demosites.io\/web-agency-gb\/?page_id=75"},"modified":"2025-10-10T13:18:50","modified_gmt":"2025-10-10T13:18:50","slug":"iletisim","status":"publish","type":"page","link":"https:\/\/betsnice.net\/?page_id=314","title":{"rendered":"\u0130leti\u015fim"},"content":{"rendered":"\n<div class=\"wp-block-cover alignfull\" style=\"min-height:300px;aspect-ratio:unset;\"><span aria-hidden=\"true\" class=\"wp-block-cover__background has-nv-site-bg-background-color has-background-dim\"><\/span><img loading=\"lazy\" decoding=\"async\" width=\"1920\" height=\"1080\" class=\"wp-block-cover__image-background wp-image-447\" alt=\"\" src=\"http:\/\/betsnice.net\/wp-content\/uploads\/2024\/07\/nice-bg-min.jpg\" data-object-fit=\"cover\" srcset=\"https:\/\/betsnice.net\/wp-content\/uploads\/2024\/07\/nice-bg-min.jpg 1920w, https:\/\/betsnice.net\/wp-content\/uploads\/2024\/07\/nice-bg-min-300x169.jpg 300w, https:\/\/betsnice.net\/wp-content\/uploads\/2024\/07\/nice-bg-min-1024x576.jpg 1024w, https:\/\/betsnice.net\/wp-content\/uploads\/2024\/07\/nice-bg-min-768x432.jpg 768w, https:\/\/betsnice.net\/wp-content\/uploads\/2024\/07\/nice-bg-min-1536x864.jpg 1536w\" sizes=\"auto, (max-width: 1920px) 100vw, 1920px\" \/><div class=\"wp-block-cover__inner-container is-layout-flow wp-block-cover-is-layout-flow\">\n<div class=\"wp-block-group\"><div class=\"wp-block-group__inner-container is-layout-flow wp-block-group-is-layout-flow\">\n<h1 class=\"wp-block-heading has-text-align-left has-neve-text-color-color has-text-color\">\u0130leti\u015fim<\/h1>\n<\/div><\/div>\n<\/div><\/div>\n\n\n\n<div class=\"wp-block-cover alignfull\" style=\"min-height:420px;aspect-ratio:unset;\"><span aria-hidden=\"true\" class=\"wp-block-cover__background has-nv-dark-bg-background-color has-background-dim-100 has-background-dim\"><\/span><div class=\"wp-block-cover__inner-container is-layout-flow wp-block-cover-is-layout-flow\">\n<div style=\"height:80px\" aria-hidden=\"true\" class=\"wp-block-spacer\"><\/div>\n\n\n\n<div class=\"wp-block-columns is-layout-flex wp-container-core-columns-is-layout-9d6595d7 wp-block-columns-is-layout-flex\">\n<div class=\"wp-block-column ticss-4ce656f1 is-layout-flow wp-block-column-is-layout-flow\">\n<div class=\"wp-block-group\"><div class=\"wp-block-group__inner-container is-layout-flow wp-block-group-is-layout-flow\">\n<div style=\"height:24px\" aria-hidden=\"true\" class=\"wp-block-spacer\"><\/div>\n\n\n<div class=\"wp-block-image icon-style is-style-default\">\n<figure class=\"aligncenter size-thumbnail is-resized\"><img loading=\"lazy\" decoding=\"async\" width=\"150\" height=\"150\" src=\"http:\/\/betsnice.net\/wp-content\/uploads\/2024\/07\/betsnice-canli-destek-150x150.png\" alt=\"\" class=\"wp-image-484\" style=\"width:161px;height:auto\" srcset=\"https:\/\/betsnice.net\/wp-content\/uploads\/2024\/07\/betsnice-canli-destek-150x150.png 150w, https:\/\/betsnice.net\/wp-content\/uploads\/2024\/07\/betsnice-canli-destek-300x300.png 300w, https:\/\/betsnice.net\/wp-content\/uploads\/2024\/07\/betsnice-canli-destek-768x768.png 768w, https:\/\/betsnice.net\/wp-content\/uploads\/2024\/07\/betsnice-canli-destek.png 800w\" sizes=\"auto, (max-width: 150px) 100vw, 150px\" \/><\/figure>\n<\/div>\n\n\n<div style=\"height:24px\" aria-hidden=\"true\" class=\"wp-block-spacer\"><\/div>\n\n\n\n<h3 class=\"wp-block-heading has-text-align-center has-neve-text-color-color has-text-color\">Canl\u0131 Destek<\/h3>\n\n\n\n<div class=\"wp-block-buttons alignwide is-content-justification-center is-layout-flex wp-container-core-buttons-is-layout-16018d1d wp-block-buttons-is-layout-flex\">\n<div class=\"wp-block-button is-style-primary\"><a class=\"wp-block-button__link wp-element-button\" href=\"https:\/\/t.ly\/nicegiris\">Canl\u0131 Deste\u011fe Ba\u011flan<\/a><\/div>\n<\/div>\n\n\n\n<div style=\"height:24px\" aria-hidden=\"true\" class=\"wp-block-spacer\"><\/div>\n<\/div><\/div>\n<\/div>\n\n\n\n<div class=\"wp-block-column ticss-f6fc7494 is-layout-flow wp-block-column-is-layout-flow\">\n<div class=\"wp-block-group\"><div class=\"wp-block-group__inner-container is-layout-flow wp-block-group-is-layout-flow\">\n<div style=\"height:24px\" aria-hidden=\"true\" class=\"wp-block-spacer\"><\/div>\n\n\n<div class=\"wp-block-image icon-style is-style-default\">\n<figure class=\"aligncenter size-thumbnail\"><img loading=\"lazy\" decoding=\"async\" width=\"150\" height=\"150\" src=\"http:\/\/betsnice.net\/wp-content\/uploads\/2024\/07\/betsnice-e-posta-150x150.png\" alt=\"\" class=\"wp-image-483\" srcset=\"https:\/\/betsnice.net\/wp-content\/uploads\/2024\/07\/betsnice-e-posta-150x150.png 150w, https:\/\/betsnice.net\/wp-content\/uploads\/2024\/07\/betsnice-e-posta-300x300.png 300w, https:\/\/betsnice.net\/wp-content\/uploads\/2024\/07\/betsnice-e-posta-768x768.png 768w, https:\/\/betsnice.net\/wp-content\/uploads\/2024\/07\/betsnice-e-posta.png 800w\" sizes=\"auto, (max-width: 150px) 100vw, 150px\" \/><\/figure>\n<\/div>\n\n\n<div style=\"height:24px\" aria-hidden=\"true\" class=\"wp-block-spacer\"><\/div>\n\n\n\n<h3 class=\"wp-block-heading has-text-align-center has-neve-text-color-color has-text-color\">Marketing E-posta<\/h3>\n\n\n\n<p class=\"has-text-align-center has-neve-link-color-color has-text-color\" style=\"font-size:25px\"><strong><a href=\"mailto:marketing@betsnice.com\">marketing@betsnice.com<\/a><\/strong><\/p>\n\n\n\n<div style=\"height:24px\" aria-hidden=\"true\" class=\"wp-block-spacer\"><\/div>\n<\/div><\/div>\n<\/div>\n\n\n\n<div class=\"wp-block-column ticss-a5b4df29 is-layout-flow wp-block-column-is-layout-flow\">\n<div class=\"wp-block-group\"><div class=\"wp-block-group__inner-container is-layout-flow wp-block-group-is-layout-flow\">\n<div style=\"height:24px\" aria-hidden=\"true\" class=\"wp-block-spacer\"><\/div>\n\n\n<div class=\"wp-block-image icon-style is-style-default\">\n<figure class=\"aligncenter size-thumbnail\"><img loading=\"lazy\" decoding=\"async\" width=\"150\" height=\"150\" src=\"http:\/\/betsnice.net\/wp-content\/uploads\/2024\/07\/betsnice-e-posta-150x150.png\" alt=\"\" class=\"wp-image-483\" srcset=\"https:\/\/betsnice.net\/wp-content\/uploads\/2024\/07\/betsnice-e-posta-150x150.png 150w, https:\/\/betsnice.net\/wp-content\/uploads\/2024\/07\/betsnice-e-posta-300x300.png 300w, https:\/\/betsnice.net\/wp-content\/uploads\/2024\/07\/betsnice-e-posta-768x768.png 768w, https:\/\/betsnice.net\/wp-content\/uploads\/2024\/07\/betsnice-e-posta.png 800w\" sizes=\"auto, (max-width: 150px) 100vw, 150px\" \/><\/figure>\n<\/div>\n\n\n<div style=\"height:24px\" aria-hidden=\"true\" class=\"wp-block-spacer\"><\/div>\n\n\n\n<h3 class=\"wp-block-heading has-text-align-center has-neve-text-color-color has-text-color\">Destek E-posta<\/h3>\n\n\n\n<p class=\"has-text-align-center has-neve-link-color-color has-text-color\" style=\"font-size:25px\"><strong><a href=\"mailto:destek@betsnice.com\">destek@betsnice.com<\/a><\/strong><\/p>\n\n\n\n<div style=\"height:24px\" aria-hidden=\"true\" class=\"wp-block-spacer\"><\/div>\n<\/div><\/div>\n<\/div>\n<\/div>\n\n\n\n<div style=\"height:30px\" aria-hidden=\"true\" class=\"wp-block-spacer\"><\/div>\n<\/div><\/div>\n\n\n\n<div class=\"wp-block-cover alignfull\" style=\"min-height:600px;aspect-ratio:unset;\"><span aria-hidden=\"true\" class=\"wp-block-cover__background has-nv-dark-bg-background-color has-background-dim-100 has-background-dim\"><\/span><div class=\"wp-block-cover__inner-container is-layout-flow wp-block-cover-is-layout-flow\">\n<div class=\"wp-block-group\"><div class=\"wp-block-group__inner-container is-layout-flow wp-block-group-is-layout-flow\">\n<div style=\"height:80px\" aria-hidden=\"true\" class=\"wp-block-spacer\"><\/div>\n\n\n\n<div class=\"wp-block-columns is-layout-flex wp-container-core-columns-is-layout-9d6595d7 wp-block-columns-is-layout-flex\">\n<div class=\"wp-block-column is-layout-flow wp-block-column-is-layout-flow\" style=\"flex-basis:50%\">\n<h2 class=\"wp-block-heading has-nv-text-dark-bg-color has-text-color\">Bizimle \u0130leti\u015fime Ge\u00e7in<\/h2>\n\n\n\n<p class=\"has-white-color has-text-color\">Kullan\u0131c\u0131lar\u0131m\u0131z\u0131n memnuniyetini \u00f6n planda tutan ekibimiz, her ad\u0131mda sizinle ileti\u015fimde olmak i\u00e7in haz\u0131r bulunmaktad\u0131r. Size en iyi hizmeti sunabilmek i\u00e7in \u00e7abal\u0131yoruz ve her zaman sizinle ileti\u015fim kurmaktan memnuniyet duyuyoruz. L\u00fctfen bize ula\u015f\u0131n, her t\u00fcrl\u00fc sorunuz ve talepleriniz i\u00e7in buraday\u0131z.<\/p>\n<\/div>\n\n\n\n<div class=\"wp-block-column is-vertically-aligned-center is-layout-flow wp-block-column-is-layout-flow\" style=\"flex-basis:50%\">\n<div id=\"wp-block-themeisle-blocks-form-5a53b94c\" class=\"wp-block-themeisle-blocks-form\" data-option-name=\"bf9b28ff82ce323187abc5d0feb0d8f07ecd8436_5a53b94c\"><form class=\"otter-form__container\">\n<div id=\"wp-block-themeisle-blocks-form-input-dcbb4f89\" class=\"wp-block-themeisle-blocks-form-input\"><label for=\"wp-block-themeisle-blocks-form-input-dcbb4f89-input\" class=\"otter-form-input-label\"><span class=\"otter-form-input-label__label\">\u0130sim<\/span><span class=\"required\">*<\/span><\/label><input type=\"text\" id=\"wp-block-themeisle-blocks-form-input-dcbb4f89-input\" required class=\"otter-form-input\"\/><\/div>\n\n\n\n<div id=\"wp-block-themeisle-blocks-form-input-c32e5623\" class=\"wp-block-themeisle-blocks-form-input\"><label for=\"wp-block-themeisle-blocks-form-input-c32e5623-input\" class=\"otter-form-input-label\"><span class=\"otter-form-input-label__label\">Soyisim<\/span><span class=\"required\">*<\/span><\/label><input type=\"email\" id=\"wp-block-themeisle-blocks-form-input-c32e5623-input\" required class=\"otter-form-input\"\/><\/div>\n\n\n\n<div id=\"wp-block-themeisle-blocks-form-textarea-655994fe\" class=\"wp-block-themeisle-blocks-form-textarea\"><label for=\"wp-block-themeisle-blocks-form-textarea-655994fe-input\" class=\"otter-form-textarea-label\"><span class=\"otter-form-textarea-label__label\">Mesaj\u0131n\u0131z<\/span><\/label><textarea id=\"wp-block-themeisle-blocks-form-textarea-655994fe-input\" rows=\"10\" class=\"otter-form-textarea-input\"><\/textarea><\/div>\n\n\n<div class=\"wp-block-button\"><button class=\"wp-block-button__link\" type=\"submit\">G\u00f6nder<\/button><\/div><\/form><\/div>\n<\/div>\n<\/div>\n\n\n\n<div style=\"height:40px\" aria-hidden=\"true\" class=\"wp-block-spacer\"><\/div>\n<\/div><\/div>\n<\/div><\/div>\n\n\n\n<div class=\"wp-block-cover alignfull\" style=\"min-height:300px;aspect-ratio:unset;\"><span aria-hidden=\"true\" class=\"wp-block-cover__background has-nv-site-bg-background-color has-background-dim-100 has-background-dim\"><\/span><div class=\"wp-block-cover__inner-container is-layout-flow wp-block-cover-is-layout-flow\">\n<div style=\"height:40px\" aria-hidden=\"true\" class=\"wp-block-spacer\"><\/div>\n\n\n\n<div class=\"wp-block-columns alignwide are-vertically-aligned-top is-layout-flex wp-container-core-columns-is-layout-9d6595d7 wp-block-columns-is-layout-flex\">\n<div class=\"wp-block-column is-vertically-aligned-top is-layout-flow wp-block-column-is-layout-flow\"><div class=\"aligncenter wp-block-site-logo\"><a href=\"https:\/\/betsnice.net\/\" class=\"custom-logo-link\" rel=\"home\"><img loading=\"lazy\" decoding=\"async\" width=\"226\" height=\"54\" src=\"https:\/\/betsnice.net\/wp-content\/uploads\/2024\/10\/logo-nice-4x.png\" class=\"custom-logo\" alt=\"Betsnice | T\u00fcrkiye&#039;nin En H\u0131zl\u0131 ve G\u00fcvenilir Casinosu &#8211; Slot &amp; Rulet &amp; Blackjack\" srcset=\"https:\/\/betsnice.net\/wp-content\/uploads\/2024\/10\/logo-nice-4x.png 830w, https:\/\/betsnice.net\/wp-content\/uploads\/2024\/10\/logo-nice-4x-300x72.png 300w, https:\/\/betsnice.net\/wp-content\/uploads\/2024\/10\/logo-nice-4x-768x185.png 768w\" sizes=\"auto, (max-width: 226px) 100vw, 226px\" \/><\/a><\/div>\n\n\n<p class=\"has-text-align-center has-small-font-size\">T\u00fcrkiye&#8217;nin En H\u0131zl\u0131 ve G\u00fcvenilir Sitesi<\/p>\n\n\n\n<p class=\"has-text-align-center\">En g\u00fcncel adresimizi sosyal medya adreslerimizden ve betsnice.org sitemiz arac\u0131l\u0131\u011f\u0131yla ziyaret edebilirsiniz.<\/p>\n\n\n\n<ul class=\"wp-block-social-links aligncenter is-layout-flex wp-block-social-links-is-layout-flex\">\n\n\n\n\n\n<\/ul>\n\n\n<div class=\"wp-block-image\">\n<figure class=\"aligncenter size-full is-resized\"><img loading=\"lazy\" decoding=\"async\" width=\"650\" height=\"164\" src=\"http:\/\/betsnice.net\/wp-content\/uploads\/2024\/07\/gambleaware.png\" alt=\"\" class=\"wp-image-453\" style=\"width:171px;height:auto\" srcset=\"https:\/\/betsnice.net\/wp-content\/uploads\/2024\/07\/gambleaware.png 650w, https:\/\/betsnice.net\/wp-content\/uploads\/2024\/07\/gambleaware-300x76.png 300w\" sizes=\"auto, (max-width: 650px) 100vw, 650px\" \/><\/figure>\n<\/div><\/div>\n\n\n\n<div class=\"wp-block-column is-vertically-aligned-top is-layout-flow wp-block-column-is-layout-flow\">\n<div style=\"height:60px\" aria-hidden=\"true\" class=\"wp-block-spacer\"><\/div>\n\n\n\n<p class=\"has-text-align-center\"><strong><kbd>MENU<\/kbd><\/strong><\/p>\n\n\n\n<p class=\"has-text-align-center\">Hakk\u0131m\u0131zda<br>Genel Kurallar ve \u015eartlar<br>Sponsorluklar<br>Sa\u011flay\u0131c\u0131lar ve Y\u00f6ntemler<br>Bonus ve Ana Kasa Kurallar\u0131<br>Para Yat\u0131rma ve \u00c7ekme<br>Yard\u0131m Al\u0131n<\/p>\n<\/div>\n\n\n\n<div class=\"wp-block-column is-vertically-aligned-top is-layout-flow wp-block-column-is-layout-flow\">\n<div style=\"height:60px\" aria-hidden=\"true\" class=\"wp-block-spacer\"><\/div>\n\n\n\n<p class=\"has-text-align-center\"><strong><kbd>DESTEK<\/kbd><\/strong><\/p>\n\n\n\n<p class=\"has-text-align-center\">\u0130leti\u015fim<br>\u0130statistik<br>Gizlilik Politikas\u0131<br><\/p>\n<\/div>\n<\/div>\n\n\n\n<div style=\"height:60px\" aria-hidden=\"true\" class=\"wp-block-spacer\"><\/div>\n\n\n\n<hr class=\"wp-block-separator has-text-color has-alpha-channel-opacity has-background is-style-default\" style=\"background-color:#343434;color:#343434\"\/>\n\n\n\n<h3 class=\"wp-block-heading has-text-align-center\">\u00d6ne \u00c7\u0131kan Oyun Sa\u011flay\u0131c\u0131lar\u0131<\/h3>\n\n\n<div class=\"wp-block-image\">\n<figure class=\"aligncenter size-full\"><img loading=\"lazy\" decoding=\"async\" width=\"2000\" height=\"400\" src=\"http:\/\/betsnice.net\/wp-content\/uploads\/2024\/07\/footer-saglayicilar-tek-resim.png\" alt=\"\" class=\"wp-image-454\" srcset=\"https:\/\/betsnice.net\/wp-content\/uploads\/2024\/07\/footer-saglayicilar-tek-resim.png 2000w, https:\/\/betsnice.net\/wp-content\/uploads\/2024\/07\/footer-saglayicilar-tek-resim-300x60.png 300w, https:\/\/betsnice.net\/wp-content\/uploads\/2024\/07\/footer-saglayicilar-tek-resim-1024x205.png 1024w, https:\/\/betsnice.net\/wp-content\/uploads\/2024\/07\/footer-saglayicilar-tek-resim-768x154.png 768w, https:\/\/betsnice.net\/wp-content\/uploads\/2024\/07\/footer-saglayicilar-tek-resim-1536x307.png 1536w\" sizes=\"auto, (max-width: 2000px) 100vw, 2000px\" \/><\/figure>\n<\/div>\n\n\n<div style=\"height:60px\" aria-hidden=\"true\" class=\"wp-block-spacer\"><\/div>\n\n\n\n<h3 class=\"wp-block-heading has-text-align-center\">Para Yat\u0131rma\/\u00c7ekme Y\u00f6ntemleri<\/h3>\n\n\n<div class=\"wp-block-image\">\n<figure class=\"aligncenter size-full\"><img loading=\"lazy\" decoding=\"async\" width=\"2000\" height=\"400\" src=\"http:\/\/betsnice.net\/wp-content\/uploads\/2024\/07\/payment-methods-2000x400-1.png\" alt=\"\" class=\"wp-image-455\" srcset=\"https:\/\/betsnice.net\/wp-content\/uploads\/2024\/07\/payment-methods-2000x400-1.png 2000w, https:\/\/betsnice.net\/wp-content\/uploads\/2024\/07\/payment-methods-2000x400-1-300x60.png 300w, https:\/\/betsnice.net\/wp-content\/uploads\/2024\/07\/payment-methods-2000x400-1-1024x205.png 1024w, https:\/\/betsnice.net\/wp-content\/uploads\/2024\/07\/payment-methods-2000x400-1-768x154.png 768w, https:\/\/betsnice.net\/wp-content\/uploads\/2024\/07\/payment-methods-2000x400-1-1536x307.png 1536w\" sizes=\"auto, (max-width: 2000px) 100vw, 2000px\" \/><\/figure>\n<\/div>\n\n\n<div style=\"height:40px\" aria-hidden=\"true\" class=\"wp-block-spacer\"><\/div>\n\n\n\n<hr class=\"wp-block-separator has-text-color has-alpha-channel-opacity has-background is-style-default\" style=\"background-color:#343434;color:#343434\"\/>\n\n\n\n<p class=\"has-text-align-center has-small-font-size\">Betsnice 2024. T\u00fcm Haklar\u0131 Sakl\u0131d\u0131r.<\/p>\n<\/div><\/div>\n","protected":false},"excerpt":{"rendered":"","protected":false},"author":1,"featured_media":0,"parent":0,"menu_order":0,"comment_status":"closed","ping_status":"closed","template":"","meta":{"neve_meta_sidebar":"default","neve_meta_container":"","neve_meta_enable_content_width":"on","neve_meta_content_width":100,"neve_meta_title_alignment":"","neve_meta_author_avatar":"","neve_post_elements_order":"","neve_meta_disable_header":"","neve_meta_disable_footer":"","neve_meta_disable_title":"on","footnotes":""},"class_list":["post-314","page","type-page","status-publish","hentry"],"yoast_head":"<!-- This site is optimized with the Yoast SEO plugin v26.0 - https:\/\/yoast.com\/wordpress\/plugins\/seo\/ -->\n<title>\u0130leti\u015fim - Betsnice | T\u00fcrkiye&#039;nin En H\u0131zl\u0131 ve G\u00fcvenilir Casinosu - Slot &amp; Rulet &amp; Blackjack<\/title>\n<meta name=\"robots\" content=\"index, follow, max-snippet:-1, max-image-preview:large, max-video-preview:-1\" \/>\n<link rel=\"canonical\" href=\"https:\/\/betsnice.net\/?page_id=314\" \/>\n<meta property=\"og:locale\" content=\"en_US\" \/>\n<meta property=\"og:type\" content=\"article\" \/>\n<meta property=\"og:title\" content=\"\u0130leti\u015fim - Betsnice | T\u00fcrkiye&#039;nin En H\u0131zl\u0131 ve G\u00fcvenilir Casinosu - Slot &amp; Rulet &amp; Blackjack\" \/>\n<meta property=\"og:url\" content=\"https:\/\/betsnice.net\/?page_id=314\" \/>\n<meta property=\"og:site_name\" content=\"Betsnice | T\u00fcrkiye&#039;nin En H\u0131zl\u0131 ve G\u00fcvenilir Casinosu - Slot &amp; Rulet &amp; Blackjack\" \/>\n<meta property=\"article:modified_time\" content=\"2025-10-10T13:18:50+00:00\" \/>\n<meta property=\"og:image\" content=\"http:\/\/betsnice.net\/wp-content\/uploads\/2024\/07\/nice-bg-min.jpg\" \/>\n<meta name=\"twitter:card\" content=\"summary_large_image\" \/>\n<meta name=\"twitter:label1\" content=\"Est. reading time\" \/>\n\t<meta name=\"twitter:data1\" content=\"1 minute\" \/>\n<script type=\"application\/ld+json\" class=\"yoast-schema-graph\">{\"@context\":\"https:\/\/schema.org\",\"@graph\":[{\"@type\":\"WebPage\",\"@id\":\"https:\/\/betsnice.net\/?page_id=314\",\"url\":\"https:\/\/betsnice.net\/?page_id=314\",\"name\":\"\u0130leti\u015fim - Betsnice | T\u00fcrkiye&#039;nin En H\u0131zl\u0131 ve G\u00fcvenilir Casinosu - Slot &amp; Rulet &amp; Blackjack\",\"isPartOf\":{\"@id\":\"https:\/\/betsnice.net\/#website\"},\"primaryImageOfPage\":{\"@id\":\"https:\/\/betsnice.net\/?page_id=314#primaryimage\"},\"image\":{\"@id\":\"https:\/\/betsnice.net\/?page_id=314#primaryimage\"},\"thumbnailUrl\":\"http:\/\/betsnice.net\/wp-content\/uploads\/2024\/07\/nice-bg-min.jpg\",\"datePublished\":\"2020-01-27T08:29:32+00:00\",\"dateModified\":\"2025-10-10T13:18:50+00:00\",\"breadcrumb\":{\"@id\":\"https:\/\/betsnice.net\/?page_id=314#breadcrumb\"},\"inLanguage\":\"en-US\",\"potentialAction\":[{\"@type\":\"ReadAction\",\"target\":[\"https:\/\/betsnice.net\/?page_id=314\"]}]},{\"@type\":\"ImageObject\",\"inLanguage\":\"en-US\",\"@id\":\"https:\/\/betsnice.net\/?page_id=314#primaryimage\",\"url\":\"https:\/\/betsnice.net\/wp-content\/uploads\/2024\/07\/nice-bg-min.jpg\",\"contentUrl\":\"https:\/\/betsnice.net\/wp-content\/uploads\/2024\/07\/nice-bg-min.jpg\",\"width\":1920,\"height\":1080},{\"@type\":\"BreadcrumbList\",\"@id\":\"https:\/\/betsnice.net\/?page_id=314#breadcrumb\",\"itemListElement\":[{\"@type\":\"ListItem\",\"position\":1,\"name\":\"Home\",\"item\":\"https:\/\/betsnice.net\/\"},{\"@type\":\"ListItem\",\"position\":2,\"name\":\"\u0130leti\u015fim\"}]},{\"@type\":\"WebSite\",\"@id\":\"https:\/\/betsnice.net\/#website\",\"url\":\"https:\/\/betsnice.net\/\",\"name\":\"Betsnice | T\u00fcrkiye&#039;nin En H\u0131zl\u0131 ve G\u00fcvenilir Casinosu - Slot &amp; Rulet &amp; Blackjack\",\"description\":\"\",\"publisher\":{\"@id\":\"https:\/\/betsnice.net\/#organization\"},\"potentialAction\":[{\"@type\":\"SearchAction\",\"target\":{\"@type\":\"EntryPoint\",\"urlTemplate\":\"https:\/\/betsnice.net\/?s={search_term_string}\"},\"query-input\":{\"@type\":\"PropertyValueSpecification\",\"valueRequired\":true,\"valueName\":\"search_term_string\"}}],\"inLanguage\":\"en-US\"},{\"@type\":\"Organization\",\"@id\":\"https:\/\/betsnice.net\/#organization\",\"name\":\"Betsnice | T\u00fcrkiye&#039;nin En H\u0131zl\u0131 ve G\u00fcvenilir Casinosu - Slot &amp; Rulet &amp; Blackjack\",\"url\":\"https:\/\/betsnice.net\/\",\"logo\":{\"@type\":\"ImageObject\",\"inLanguage\":\"en-US\",\"@id\":\"https:\/\/betsnice.net\/#\/schema\/logo\/image\/\",\"url\":\"https:\/\/betsnice.net\/wp-content\/uploads\/2024\/10\/logo-nice-4x.png\",\"contentUrl\":\"https:\/\/betsnice.net\/wp-content\/uploads\/2024\/10\/logo-nice-4x.png\",\"width\":830,\"height\":200,\"caption\":\"Betsnice | T\u00fcrkiye&#039;nin En H\u0131zl\u0131 ve G\u00fcvenilir Casinosu - Slot &amp; Rulet &amp; Blackjack\"},\"image\":{\"@id\":\"https:\/\/betsnice.net\/#\/schema\/logo\/image\/\"}}]}<\/script>\n<!-- \/ Yoast SEO plugin. -->","yoast_head_json":{"title":"\u0130leti\u015fim - Betsnice | T\u00fcrkiye&#039;nin En H\u0131zl\u0131 ve G\u00fcvenilir Casinosu - Slot &amp; Rulet &amp; Blackjack","robots":{"index":"index","follow":"follow","max-snippet":"max-snippet:-1","max-image-preview":"max-image-preview:large","max-video-preview":"max-video-preview:-1"},"canonical":"https:\/\/betsnice.net\/?page_id=314","og_locale":"en_US","og_type":"article","og_title":"\u0130leti\u015fim - Betsnice | T\u00fcrkiye&#039;nin En H\u0131zl\u0131 ve G\u00fcvenilir Casinosu - Slot &amp; Rulet &amp; Blackjack","og_url":"https:\/\/betsnice.net\/?page_id=314","og_site_name":"Betsnice | T\u00fcrkiye&#039;nin En H\u0131zl\u0131 ve G\u00fcvenilir Casinosu - Slot &amp; Rulet &amp; Blackjack","article_modified_time":"2025-10-10T13:18:50+00:00","og_image":[{"url":"http:\/\/betsnice.net\/wp-content\/uploads\/2024\/07\/nice-bg-min.jpg","type":"","width":"","height":""}],"twitter_card":"summary_large_image","twitter_misc":{"Est. reading time":"1 minute"},"schema":{"@context":"https:\/\/schema.org","@graph":[{"@type":"WebPage","@id":"https:\/\/betsnice.net\/?page_id=314","url":"https:\/\/betsnice.net\/?page_id=314","name":"\u0130leti\u015fim - Betsnice | T\u00fcrkiye&#039;nin En H\u0131zl\u0131 ve G\u00fcvenilir Casinosu - Slot &amp; Rulet &amp; Blackjack","isPartOf":{"@id":"https:\/\/betsnice.net\/#website"},"primaryImageOfPage":{"@id":"https:\/\/betsnice.net\/?page_id=314#primaryimage"},"image":{"@id":"https:\/\/betsnice.net\/?page_id=314#primaryimage"},"thumbnailUrl":"http:\/\/betsnice.net\/wp-content\/uploads\/2024\/07\/nice-bg-min.jpg","datePublished":"2020-01-27T08:29:32+00:00","dateModified":"2025-10-10T13:18:50+00:00","breadcrumb":{"@id":"https:\/\/betsnice.net\/?page_id=314#breadcrumb"},"inLanguage":"en-US","potentialAction":[{"@type":"ReadAction","target":["https:\/\/betsnice.net\/?page_id=314"]}]},{"@type":"ImageObject","inLanguage":"en-US","@id":"https:\/\/betsnice.net\/?page_id=314#primaryimage","url":"https:\/\/betsnice.net\/wp-content\/uploads\/2024\/07\/nice-bg-min.jpg","contentUrl":"https:\/\/betsnice.net\/wp-content\/uploads\/2024\/07\/nice-bg-min.jpg","width":1920,"height":1080},{"@type":"BreadcrumbList","@id":"https:\/\/betsnice.net\/?page_id=314#breadcrumb","itemListElement":[{"@type":"ListItem","position":1,"name":"Home","item":"https:\/\/betsnice.net\/"},{"@type":"ListItem","position":2,"name":"\u0130leti\u015fim"}]},{"@type":"WebSite","@id":"https:\/\/betsnice.net\/#website","url":"https:\/\/betsnice.net\/","name":"Betsnice | T\u00fcrkiye&#039;nin En H\u0131zl\u0131 ve G\u00fcvenilir Casinosu - Slot &amp; Rulet &amp; Blackjack","description":"","publisher":{"@id":"https:\/\/betsnice.net\/#organization"},"potentialAction":[{"@type":"SearchAction","target":{"@type":"EntryPoint","urlTemplate":"https:\/\/betsnice.net\/?s={search_term_string}"},"query-input":{"@type":"PropertyValueSpecification","valueRequired":true,"valueName":"search_term_string"}}],"inLanguage":"en-US"},{"@type":"Organization","@id":"https:\/\/betsnice.net\/#organization","name":"Betsnice | T\u00fcrkiye&#039;nin En H\u0131zl\u0131 ve G\u00fcvenilir Casinosu - Slot &amp; Rulet &amp; Blackjack","url":"https:\/\/betsnice.net\/","logo":{"@type":"ImageObject","inLanguage":"en-US","@id":"https:\/\/betsnice.net\/#\/schema\/logo\/image\/","url":"https:\/\/betsnice.net\/wp-content\/uploads\/2024\/10\/logo-nice-4x.png","contentUrl":"https:\/\/betsnice.net\/wp-content\/uploads\/2024\/10\/logo-nice-4x.png","width":830,"height":200,"caption":"Betsnice | T\u00fcrkiye&#039;nin En H\u0131zl\u0131 ve G\u00fcvenilir Casinosu - Slot &amp; Rulet &amp; Blackjack"},"image":{"@id":"https:\/\/betsnice.net\/#\/schema\/logo\/image\/"}}]}},"amp_enabled":true,"_links":{"self":[{"href":"https:\/\/betsnice.net\/index.php?rest_route=\/wp\/v2\/pages\/314","targetHints":{"allow":["GET"]}}],"collection":[{"href":"https:\/\/betsnice.net\/index.php?rest_route=\/wp\/v2\/pages"}],"about":[{"href":"https:\/\/betsnice.net\/index.php?rest_route=\/wp\/v2\/types\/page"}],"author":[{"embeddable":true,"href":"https:\/\/betsnice.net\/index.php?rest_route=\/wp\/v2\/users\/1"}],"replies":[{"embeddable":true,"href":"https:\/\/betsnice.net\/index.php?rest_route=%2Fwp%2Fv2%2Fcomments&post=314"}],"version-history":[{"count":6,"href":"https:\/\/betsnice.net\/index.php?rest_route=\/wp\/v2\/pages\/314\/revisions"}],"predecessor-version":[{"id":615,"href":"https:\/\/betsnice.net\/index.php?rest_route=\/wp\/v2\/pages\/314\/revisions\/615"}],"wp:attachment":[{"href":"https:\/\/betsnice.net\/index.php?rest_route=%2Fwp%2Fv2%2Fmedia&parent=314"}],"curies":[{"name":"wp","href":"https:\/\/api.w.org\/{rel}","templated":true}]}}