{"id":520,"date":"2024-07-04T18:05:45","date_gmt":"2024-07-04T18:05:45","guid":{"rendered":"https:\/\/betsnice.net\/?page_id=520"},"modified":"2025-11-02T15:47:03","modified_gmt":"2025-11-02T15:47:03","slug":"bonuslar-ve-ana-kasa-cevrim-kurallari","status":"publish","type":"page","link":"https:\/\/betsnice.net\/?page_id=520","title":{"rendered":"Bonuslar ve Ana Kasa \u00c7evrim Kurallar\u0131"},"content":{"rendered":"\n<div class=\"wp-block-cover alignfull\" style=\"min-height:300px;aspect-ratio:unset;\"><img loading=\"lazy\" decoding=\"async\" width=\"1920\" height=\"1080\" class=\"wp-block-cover__image-background wp-image-447\" alt=\"\" src=\"http:\/\/betsnice.net\/wp-content\/uploads\/2024\/07\/nice-bg-min.jpg\" data-object-fit=\"cover\" srcset=\"https:\/\/betsnice.net\/wp-content\/uploads\/2024\/07\/nice-bg-min.jpg 1920w, https:\/\/betsnice.net\/wp-content\/uploads\/2024\/07\/nice-bg-min-300x169.jpg 300w, https:\/\/betsnice.net\/wp-content\/uploads\/2024\/07\/nice-bg-min-1024x576.jpg 1024w, https:\/\/betsnice.net\/wp-content\/uploads\/2024\/07\/nice-bg-min-768x432.jpg 768w, https:\/\/betsnice.net\/wp-content\/uploads\/2024\/07\/nice-bg-min-1536x864.jpg 1536w\" sizes=\"auto, (max-width: 1920px) 100vw, 1920px\" \/><span aria-hidden=\"true\" class=\"wp-block-cover__background has-nv-site-bg-background-color has-background-dim\"><\/span><div class=\"wp-block-cover__inner-container is-layout-flow wp-block-cover-is-layout-flow\">\n<div class=\"wp-block-group\"><div class=\"wp-block-group__inner-container is-layout-flow wp-block-group-is-layout-flow\">\n<h1 class=\"wp-block-heading has-text-align-center has-text-align-left has-neve-text-color-color has-text-color\">Bonuslar ve Ana Kasa \u00c7evrim Kurallar\u0131<\/h1>\n<\/div><\/div>\n<\/div><\/div>\n\n\n\n<div style=\"height:60px\" aria-hidden=\"true\" class=\"wp-block-spacer\"><\/div>\n\n\n\n<h2 class=\"wp-block-heading\">Betsnice Bonuslar<\/h2>\n\n\n\n<ol class=\"wp-block-list\">\n<li>%100 Spor Ho\u015f Geldin bonusu<\/li>\n\n\n\n<li>%100 Casino Ho\u015f Geldin bonusu<\/li>\n\n\n\n<li>%20 \u00c7evrimsiz Spor Bonusu<\/li>\n\n\n\n<li>%25 \u00c7evrimsiz Casino Bonusu<\/li>\n\n\n\n<li>%30 Kripto Yat\u0131r\u0131ma \u00d6zel Casino Kay\u0131p Bonusu<\/li>\n\n\n\n<li>Tek Ma\u00e7tan Yatmak Yok Promosyonu<\/li>\n\n\n\n<li>NBA\u2019de Tek Ma\u00e7tan Yatmak Yok Promosyonu<\/li>\n\n\n\n<li>Betsnice Piyango<\/li>\n<\/ol>\n\n\n\n<p>Her promosyon ba\u015fl\u0131\u011f\u0131n\u0131n alt\u0131nda belirtilen promosyon kurallar\u0131, &#8220;Genel Bonus Kurallar\u0131&#8221;n\u0131n ayr\u0131lmaz bir par\u00e7as\u0131d\u0131r. \u0130lgili bonuslardan yararlanan \u00fcyelerimiz, bu a\u00e7\u0131klamalar\u0131 okumu\u015f, anlam\u0131\u015f ve yararland\u0131\u011f\u0131 promosyonun t\u00fcm kurallar\u0131na uymay\u0131 otomatik olarak kabul etmi\u015f say\u0131l\u0131r.<\/p>\n\n\n\n<p>Kural d\u0131\u015f\u0131 durumlarda Betsnice Risk Birimi \u00fcyeyi uyarma, tekrar anapara \u00e7evrimi isteme, kazan\u00e7 d\u00fczenleme, hesap kapatma haklar\u0131na sahiptir.<\/p>\n\n\n\n<h2 class=\"wp-block-heading\">G\u00fcnl\u00fck \u00c7ekim Tablosu<\/h2>\n\n\n\n<p>Standart G\u00fcnl\u00fck \u00c7ekim Limit Tablosu:<\/p>\n\n\n\n<p>24 saat i\u00e7erisinde 1 defa \u00e7ekim i\u015flemi ger\u00e7ekle\u015ftirebilirsiniz.<\/p>\n\n\n\n<p>Havale, Coin (Kripto Paralar), Papara, PayFix ve Mefete ile kolayca \u00e7ekim yapabilirsiniz.<\/p>\n\n\n\n<ul class=\"wp-block-list\">\n<li>Coin (Kripto Paralar) ile g\u00fcnde bir defa en az 250\u20ba, en fazla 200.000\u20ba olarak \u00e7ekim yapabilirsiniz. (Coin ile yat\u0131r\u0131m \u015fart\u0131)<\/li>\n\n\n\n<li>Havale ile g\u00fcnde bir defa en az 250\u20ba, en fazla 80.000\u20ba olarak \u00e7ekim yapabilirsiniz.<\/li>\n\n\n\n<li>Papara ile g\u00fcnde bir defa en az 250\u20ba, en fazla 80.000\u20ba olarak \u00e7ekim yapabilirsiniz.<\/li>\n\n\n\n<li>PayFix ile g\u00fcnde bir defa en az 250\u20ba, en fazla 80.000\u20ba\u20ba olarak \u00e7ekim yapabilirsiniz.<\/li>\n\n\n\n<li>Mefete ile g\u00fcnde bir defa en az 250\u20ba, en fazla 80.000\u20ba olarak \u00e7ekim yapabilirsiniz.<\/li>\n<\/ul>\n\n\n\n<p>En g\u00fcncel \u00e7ekim limitleri i\u00e7in \u201cPara \u00c7ek\u201d sayfam\u0131z\u0131 kontrol etmeyi unutmay\u0131n.<\/p>\n\n\n\n<h2 class=\"wp-block-heading\">\u00d6ZEL COIN FIRSATLARI \u0130LE KEND\u0130 \u00c7EK\u0130M L\u0130M\u0130T\u0130N\u0130 YARAT!<\/h2>\n\n\n\n<p>Standart \u00e7ekim limitlerinin yetersiz oldu\u011funu d\u00fc\u015f\u00fcn\u00fcyorsan\u0131z Coin (Kripto Para) y\u00f6ntemleri ile a\u015fa\u011f\u0131daki barem aral\u0131klar\u0131nda yat\u0131r\u0131m yaparak \u2018\u2019g\u00fcnl\u00fck \u00e7ekim\u2019\u2019 tutar\u0131n\u0131z\u0131 5 Milyon TL\u2019ye kadar y\u00fckseltebilirsiniz.<\/p>\n\n\n\n<ul class=\"wp-block-list\">\n<li>(Kripto Para) Coin ile olan yat\u0131r\u0131mlarda 24 saat i\u00e7inde 1 kez olacak \u015fekilde a\u015fa\u011f\u0131daki barem ve \u00f6rnekler ile kendi \u00e7ekim limitini belirleyebilirsiniz. (Coin baremleri tek par\u00e7a son yat\u0131r\u0131m\u0131n\u0131z \u00fczerinden de\u011ferlendirilir.)<\/li>\n<\/ul>\n\n\n\n<ul class=\"wp-block-list\">\n<li>100\u20ba \u2013 99.999\u20ba aras\u0131 yat\u0131r\u0131mda, g\u00fcnl\u00fck en fazla 200.000\u20ba olarak \u00e7ekim yapabilirsiniz. (Standart)<\/li>\n\n\n\n<li>100.000\u20ba \u2013 499.999\u20ba aras\u0131nda, yat\u0131r\u0131m\u0131n\u0131z\u0131n 2 kat\u0131n\u0131 g\u00fcnl\u00fck \u00e7ekebilirsiniz. (G\u00fcnl\u00fck en fazla 1 Milyon \u20ba)<\/li>\n\n\n\n<li>500.000\u20ba \u2013 999.999\u20ba aras\u0131nda, yat\u0131r\u0131m\u0131n\u0131z\u0131n 3 kat\u0131n\u0131 g\u00fcnl\u00fck \u00e7ekebilirsiniz. (G\u00fcnl\u00fck en fazla 3 Milyon \u20ba)<\/li>\n\n\n\n<li>1 Milyon \u20ba ve \u00fczeri yat\u0131r\u0131mda , yat\u0131r\u0131m\u0131n\u0131z\u0131n 5 kat\u0131n\u0131 g\u00fcnl\u00fck \u00e7ekebilirsiniz. (G\u00fcnl\u00fck en fazla 5 Milyon \u20ba)<\/li>\n<\/ul>\n\n\n\n<ul class=\"wp-block-list\">\n<li>\u00d6rnek 1: Coin ile tek seferde 300.000\u20ba yat\u0131r\u0131m sonras\u0131 kazan\u00e7 durumunda 24 saat i\u00e7inde 600.000\u20ba olarak her g\u00fcn kesintisiz \u00e7ekim yapabilirsiniz.<\/li>\n\n\n\n<li>\u00d6rnek 2: Coin ile tek seferde 600.000\u20ba yat\u0131r\u0131m sonras\u0131 kazan\u00e7 durumunda 24 saat i\u00e7inde 1.8 Milyon \u20ba olarak her g\u00fcn kesintisiz \u00e7ekim yapabilirsiniz.<\/li>\n\n\n\n<li>\u00d6rnek 3: Coin ile tek seferde 1.2 Milyon \u20ba yat\u0131r\u0131m sonras\u0131 kazan\u00e7 durumunda 24 saat i\u00e7inde 5 Milyon \u20ba olarak her g\u00fcn kesintisiz \u00e7ekim yapabilirsiniz.<\/li>\n<\/ul>\n\n\n\n<h2 class=\"wp-block-heading\">Betsnice Avantajlar\u0131:<\/h2>\n\n\n\n<p>\u2666\ufe0f Betsnice olarak, genel \u00e7ekim \u00fcst taahh\u00fct tutar\u0131n\u0131 tamamen kald\u0131rarak sizlere tam \u00f6zg\u00fcrl\u00fck sunmaktay\u0131z, bu sayede ana bakiyenizin tamam\u0131n\u0131 genel bir s\u0131n\u0131r olmadan kesintisiz her g\u00fcn limitler dahilinde \u00e7ekebilirsiniz.<\/p>\n\n\n\n<p>\u2666\ufe0f Betsnice, ald\u0131\u011f\u0131n\u0131z bir bonusun kazanc\u0131na \u00fcst \u00e7ekim s\u0131n\u0131r\u0131 koymaz. Sitemizde kulland\u0131\u011f\u0131n\u0131z bonuslar\u0131n kendi \u00e7evrimlerini tamamlaman\u0131z yeterli olacakt\u0131r.<\/p>\n\n\n\n<p>Ard\u0131ndan t\u00fcm kazanc\u0131n\u0131z\u0131 kesintisiz olarak g\u00fcnl\u00fck limitler dahilinde \u00e7ekebilirsiniz.<\/p>\n\n\n\n<h2 class=\"wp-block-heading\">ANA KASA \u00c7EVR\u0130M\u0130 NED\u0130R ve NASIL YAPILIR?<\/h2>\n\n\n\n<p>Her yat\u0131r\u0131m\u0131n\u0131z Genel Kural ve \u015eartlar alan\u0131nda belirtildi\u011fi \u00fczere genel bahis kurallar\u0131 ve kara para \u00f6nleme politikalar\u0131 gere\u011fince ana kasa \u00e7evrimine tabii tutulmaktad\u0131r.<\/p>\n\n\n\n<p>Ana kasa \u00e7evrimi, yat\u0131r\u0131m tutar\u0131n\u0131z ka\u00e7 \u20ba ise ayn\u0131 tutarda bahis alman\u0131z \/ oynaman\u0131z anlam\u0131na gelir. Bahsin kazanmas\u0131n\u0131n veya kaybetmesinin \u00f6nemi olmayacakt\u0131r.<\/p>\n\n\n\n<p>\u00d6rnek: 200\u20ba yat\u0131r\u0131m sonras\u0131 100\u20ba bahis alarak 500\u20ba kazand\u0131n\u0131z. Yat\u0131r\u0131m\u0131n\u0131z\u0131n 200\u20ba, toplam bahsinizin ise 100\u20ba olmas\u0131 nedeniyle \u00e7ekim yapamazs\u0131n\u0131z ve 100\u20ba ana kasa \u00e7evrimi istenecektir. 500\u20ba kazanm\u0131\u015f durumda iken 100\u20ba daha oynay\u0131p bu kez kaybederseniz 100+100=200\u20ba bahis alm\u0131\u015f \/ oynam\u0131\u015f olarak ana kasa \u00e7evriminizi tamamlam\u0131\u015f olursunuz, ard\u0131ndan diledi\u011finiz zaman \u00e7ekim i\u015flemi yapabilirsiniz.<\/p>\n\n\n\n<p>(Spor bahislerinde en az 1.30 veya \u00fczeri oranda bahis al\u0131nmas\u0131 ve bahsin sonu\u00e7land\u0131r\u0131lm\u0131\u015f olmas\u0131d\u0131r. Bozdurulan (cash out) bahisler ana kasa veya bonus \u00e7evrimine dahil edilmez.)<\/p>\n\n\n\n<p><\/p>\n","protected":false},"excerpt":{"rendered":"<p>Betsnice Bonuslar Her promosyon ba\u015fl\u0131\u011f\u0131n\u0131n alt\u0131nda belirtilen promosyon kurallar\u0131, &#8220;Genel Bonus Kurallar\u0131&#8221;n\u0131n ayr\u0131lmaz bir par\u00e7as\u0131d\u0131r. \u0130lgili bonuslardan yararlanan \u00fcyelerimiz, bu a\u00e7\u0131klamalar\u0131 okumu\u015f, anlam\u0131\u015f ve yararland\u0131\u011f\u0131 promosyonun t\u00fcm kurallar\u0131na uymay\u0131 otomatik olarak kabul etmi\u015f say\u0131l\u0131r. Kural d\u0131\u015f\u0131 durumlarda Betsnice Risk Birimi \u00fcyeyi uyarma, tekrar anapara \u00e7evrimi isteme, kazan\u00e7 d\u00fczenleme, hesap kapatma haklar\u0131na sahiptir. G\u00fcnl\u00fck \u00c7ekim Tablosu&hellip;&nbsp;<a href=\"https:\/\/betsnice.net\/?page_id=520\" rel=\"bookmark\">Read More &raquo;<span class=\"screen-reader-text\">Bonuslar ve Ana Kasa \u00c7evrim Kurallar\u0131<\/span><\/a><\/p>\n","protected":false},"author":1,"featured_media":0,"parent":0,"menu_order":0,"comment_status":"closed","ping_status":"closed","template":"","meta":{"neve_meta_sidebar":"","neve_meta_container":"","neve_meta_enable_content_width":"on","neve_meta_content_width":100,"neve_meta_title_alignment":"","neve_meta_author_avatar":"","neve_post_elements_order":"","neve_meta_disable_header":"","neve_meta_disable_footer":"","neve_meta_disable_title":"on","footnotes":""},"class_list":["post-520","page","type-page","status-publish","hentry"],"yoast_head":"<!-- This site is optimized with the Yoast SEO plugin v26.0 - https:\/\/yoast.com\/wordpress\/plugins\/seo\/ -->\n<title>Bonuslar ve Ana Kasa \u00c7evrim Kurallar\u0131 - Betsnice | T\u00fcrkiye&#039;nin En H\u0131zl\u0131 ve G\u00fcvenilir Casinosu - Slot &amp; Rulet &amp; Blackjack<\/title>\n<meta name=\"robots\" content=\"index, follow, max-snippet:-1, max-image-preview:large, max-video-preview:-1\" \/>\n<link rel=\"canonical\" href=\"https:\/\/betsnice.net\/?page_id=520\" \/>\n<meta property=\"og:locale\" content=\"en_US\" \/>\n<meta property=\"og:type\" content=\"article\" \/>\n<meta property=\"og:title\" content=\"Bonuslar ve Ana Kasa \u00c7evrim Kurallar\u0131 - Betsnice | T\u00fcrkiye&#039;nin En H\u0131zl\u0131 ve G\u00fcvenilir Casinosu - Slot &amp; Rulet &amp; Blackjack\" \/>\n<meta property=\"og:description\" content=\"Betsnice Bonuslar Her promosyon ba\u015fl\u0131\u011f\u0131n\u0131n alt\u0131nda belirtilen promosyon kurallar\u0131, &#8220;Genel Bonus Kurallar\u0131&#8221;n\u0131n ayr\u0131lmaz bir par\u00e7as\u0131d\u0131r. \u0130lgili bonuslardan yararlanan \u00fcyelerimiz, bu a\u00e7\u0131klamalar\u0131 okumu\u015f, anlam\u0131\u015f ve yararland\u0131\u011f\u0131 promosyonun t\u00fcm kurallar\u0131na uymay\u0131 otomatik olarak kabul etmi\u015f say\u0131l\u0131r. Kural d\u0131\u015f\u0131 durumlarda Betsnice Risk Birimi \u00fcyeyi uyarma, tekrar anapara \u00e7evrimi isteme, kazan\u00e7 d\u00fczenleme, hesap kapatma haklar\u0131na sahiptir. G\u00fcnl\u00fck \u00c7ekim Tablosu&hellip;&nbsp;Read More &raquo;Bonuslar ve Ana Kasa \u00c7evrim Kurallar\u0131\" \/>\n<meta property=\"og:url\" content=\"https:\/\/betsnice.net\/?page_id=520\" \/>\n<meta property=\"og:site_name\" content=\"Betsnice | T\u00fcrkiye&#039;nin En H\u0131zl\u0131 ve G\u00fcvenilir Casinosu - Slot &amp; Rulet &amp; Blackjack\" \/>\n<meta property=\"article:modified_time\" content=\"2025-11-02T15:47:03+00:00\" \/>\n<meta property=\"og:image\" content=\"http:\/\/betsnice.net\/wp-content\/uploads\/2024\/07\/nice-bg-min.jpg\" \/>\n<meta name=\"twitter:card\" content=\"summary_large_image\" \/>\n<meta name=\"twitter:label1\" content=\"Est. reading time\" \/>\n\t<meta name=\"twitter:data1\" content=\"3 minutes\" \/>\n<script type=\"application\/ld+json\" class=\"yoast-schema-graph\">{\"@context\":\"https:\/\/schema.org\",\"@graph\":[{\"@type\":\"WebPage\",\"@id\":\"https:\/\/betsnice.net\/?page_id=520\",\"url\":\"https:\/\/betsnice.net\/?page_id=520\",\"name\":\"Bonuslar ve Ana Kasa \u00c7evrim Kurallar\u0131 - Betsnice | T\u00fcrkiye&#039;nin En H\u0131zl\u0131 ve G\u00fcvenilir Casinosu - Slot &amp; Rulet &amp; Blackjack\",\"isPartOf\":{\"@id\":\"https:\/\/betsnice.net\/#website\"},\"primaryImageOfPage\":{\"@id\":\"https:\/\/betsnice.net\/?page_id=520#primaryimage\"},\"image\":{\"@id\":\"https:\/\/betsnice.net\/?page_id=520#primaryimage\"},\"thumbnailUrl\":\"http:\/\/betsnice.net\/wp-content\/uploads\/2024\/07\/nice-bg-min.jpg\",\"datePublished\":\"2024-07-04T18:05:45+00:00\",\"dateModified\":\"2025-11-02T15:47:03+00:00\",\"breadcrumb\":{\"@id\":\"https:\/\/betsnice.net\/?page_id=520#breadcrumb\"},\"inLanguage\":\"en-US\",\"potentialAction\":[{\"@type\":\"ReadAction\",\"target\":[\"https:\/\/betsnice.net\/?page_id=520\"]}]},{\"@type\":\"ImageObject\",\"inLanguage\":\"en-US\",\"@id\":\"https:\/\/betsnice.net\/?page_id=520#primaryimage\",\"url\":\"https:\/\/betsnice.net\/wp-content\/uploads\/2024\/07\/nice-bg-min.jpg\",\"contentUrl\":\"https:\/\/betsnice.net\/wp-content\/uploads\/2024\/07\/nice-bg-min.jpg\",\"width\":1920,\"height\":1080},{\"@type\":\"BreadcrumbList\",\"@id\":\"https:\/\/betsnice.net\/?page_id=520#breadcrumb\",\"itemListElement\":[{\"@type\":\"ListItem\",\"position\":1,\"name\":\"Home\",\"item\":\"https:\/\/betsnice.net\/\"},{\"@type\":\"ListItem\",\"position\":2,\"name\":\"Bonuslar ve Ana Kasa \u00c7evrim Kurallar\u0131\"}]},{\"@type\":\"WebSite\",\"@id\":\"https:\/\/betsnice.net\/#website\",\"url\":\"https:\/\/betsnice.net\/\",\"name\":\"Betsnice | T\u00fcrkiye&#039;nin En H\u0131zl\u0131 ve G\u00fcvenilir Casinosu - Slot &amp; Rulet &amp; Blackjack\",\"description\":\"\",\"publisher\":{\"@id\":\"https:\/\/betsnice.net\/#organization\"},\"potentialAction\":[{\"@type\":\"SearchAction\",\"target\":{\"@type\":\"EntryPoint\",\"urlTemplate\":\"https:\/\/betsnice.net\/?s={search_term_string}\"},\"query-input\":{\"@type\":\"PropertyValueSpecification\",\"valueRequired\":true,\"valueName\":\"search_term_string\"}}],\"inLanguage\":\"en-US\"},{\"@type\":\"Organization\",\"@id\":\"https:\/\/betsnice.net\/#organization\",\"name\":\"Betsnice | T\u00fcrkiye&#039;nin En H\u0131zl\u0131 ve G\u00fcvenilir Casinosu - Slot &amp; Rulet &amp; Blackjack\",\"url\":\"https:\/\/betsnice.net\/\",\"logo\":{\"@type\":\"ImageObject\",\"inLanguage\":\"en-US\",\"@id\":\"https:\/\/betsnice.net\/#\/schema\/logo\/image\/\",\"url\":\"https:\/\/betsnice.net\/wp-content\/uploads\/2024\/10\/logo-nice-4x.png\",\"contentUrl\":\"https:\/\/betsnice.net\/wp-content\/uploads\/2024\/10\/logo-nice-4x.png\",\"width\":830,\"height\":200,\"caption\":\"Betsnice | T\u00fcrkiye&#039;nin En H\u0131zl\u0131 ve G\u00fcvenilir Casinosu - Slot &amp; Rulet &amp; Blackjack\"},\"image\":{\"@id\":\"https:\/\/betsnice.net\/#\/schema\/logo\/image\/\"}}]}<\/script>\n<!-- \/ Yoast SEO plugin. -->","yoast_head_json":{"title":"Bonuslar ve Ana Kasa \u00c7evrim Kurallar\u0131 - Betsnice | T\u00fcrkiye&#039;nin En H\u0131zl\u0131 ve G\u00fcvenilir Casinosu - Slot &amp; Rulet &amp; Blackjack","robots":{"index":"index","follow":"follow","max-snippet":"max-snippet:-1","max-image-preview":"max-image-preview:large","max-video-preview":"max-video-preview:-1"},"canonical":"https:\/\/betsnice.net\/?page_id=520","og_locale":"en_US","og_type":"article","og_title":"Bonuslar ve Ana Kasa \u00c7evrim Kurallar\u0131 - Betsnice | T\u00fcrkiye&#039;nin En H\u0131zl\u0131 ve G\u00fcvenilir Casinosu - Slot &amp; Rulet &amp; Blackjack","og_description":"Betsnice Bonuslar Her promosyon ba\u015fl\u0131\u011f\u0131n\u0131n alt\u0131nda belirtilen promosyon kurallar\u0131, &#8220;Genel Bonus Kurallar\u0131&#8221;n\u0131n ayr\u0131lmaz bir par\u00e7as\u0131d\u0131r. \u0130lgili bonuslardan yararlanan \u00fcyelerimiz, bu a\u00e7\u0131klamalar\u0131 okumu\u015f, anlam\u0131\u015f ve yararland\u0131\u011f\u0131 promosyonun t\u00fcm kurallar\u0131na uymay\u0131 otomatik olarak kabul etmi\u015f say\u0131l\u0131r. Kural d\u0131\u015f\u0131 durumlarda Betsnice Risk Birimi \u00fcyeyi uyarma, tekrar anapara \u00e7evrimi isteme, kazan\u00e7 d\u00fczenleme, hesap kapatma haklar\u0131na sahiptir. G\u00fcnl\u00fck \u00c7ekim Tablosu&hellip;&nbsp;Read More &raquo;Bonuslar ve Ana Kasa \u00c7evrim Kurallar\u0131","og_url":"https:\/\/betsnice.net\/?page_id=520","og_site_name":"Betsnice | T\u00fcrkiye&#039;nin En H\u0131zl\u0131 ve G\u00fcvenilir Casinosu - Slot &amp; Rulet &amp; Blackjack","article_modified_time":"2025-11-02T15:47:03+00:00","og_image":[{"url":"http:\/\/betsnice.net\/wp-content\/uploads\/2024\/07\/nice-bg-min.jpg","type":"","width":"","height":""}],"twitter_card":"summary_large_image","twitter_misc":{"Est. reading time":"3 minutes"},"schema":{"@context":"https:\/\/schema.org","@graph":[{"@type":"WebPage","@id":"https:\/\/betsnice.net\/?page_id=520","url":"https:\/\/betsnice.net\/?page_id=520","name":"Bonuslar ve Ana Kasa \u00c7evrim Kurallar\u0131 - Betsnice | T\u00fcrkiye&#039;nin En H\u0131zl\u0131 ve G\u00fcvenilir Casinosu - Slot &amp; Rulet &amp; Blackjack","isPartOf":{"@id":"https:\/\/betsnice.net\/#website"},"primaryImageOfPage":{"@id":"https:\/\/betsnice.net\/?page_id=520#primaryimage"},"image":{"@id":"https:\/\/betsnice.net\/?page_id=520#primaryimage"},"thumbnailUrl":"http:\/\/betsnice.net\/wp-content\/uploads\/2024\/07\/nice-bg-min.jpg","datePublished":"2024-07-04T18:05:45+00:00","dateModified":"2025-11-02T15:47:03+00:00","breadcrumb":{"@id":"https:\/\/betsnice.net\/?page_id=520#breadcrumb"},"inLanguage":"en-US","potentialAction":[{"@type":"ReadAction","target":["https:\/\/betsnice.net\/?page_id=520"]}]},{"@type":"ImageObject","inLanguage":"en-US","@id":"https:\/\/betsnice.net\/?page_id=520#primaryimage","url":"https:\/\/betsnice.net\/wp-content\/uploads\/2024\/07\/nice-bg-min.jpg","contentUrl":"https:\/\/betsnice.net\/wp-content\/uploads\/2024\/07\/nice-bg-min.jpg","width":1920,"height":1080},{"@type":"BreadcrumbList","@id":"https:\/\/betsnice.net\/?page_id=520#breadcrumb","itemListElement":[{"@type":"ListItem","position":1,"name":"Home","item":"https:\/\/betsnice.net\/"},{"@type":"ListItem","position":2,"name":"Bonuslar ve Ana Kasa \u00c7evrim Kurallar\u0131"}]},{"@type":"WebSite","@id":"https:\/\/betsnice.net\/#website","url":"https:\/\/betsnice.net\/","name":"Betsnice | T\u00fcrkiye&#039;nin En H\u0131zl\u0131 ve G\u00fcvenilir Casinosu - Slot &amp; Rulet &amp; Blackjack","description":"","publisher":{"@id":"https:\/\/betsnice.net\/#organization"},"potentialAction":[{"@type":"SearchAction","target":{"@type":"EntryPoint","urlTemplate":"https:\/\/betsnice.net\/?s={search_term_string}"},"query-input":{"@type":"PropertyValueSpecification","valueRequired":true,"valueName":"search_term_string"}}],"inLanguage":"en-US"},{"@type":"Organization","@id":"https:\/\/betsnice.net\/#organization","name":"Betsnice | T\u00fcrkiye&#039;nin En H\u0131zl\u0131 ve G\u00fcvenilir Casinosu - Slot &amp; Rulet &amp; Blackjack","url":"https:\/\/betsnice.net\/","logo":{"@type":"ImageObject","inLanguage":"en-US","@id":"https:\/\/betsnice.net\/#\/schema\/logo\/image\/","url":"https:\/\/betsnice.net\/wp-content\/uploads\/2024\/10\/logo-nice-4x.png","contentUrl":"https:\/\/betsnice.net\/wp-content\/uploads\/2024\/10\/logo-nice-4x.png","width":830,"height":200,"caption":"Betsnice | T\u00fcrkiye&#039;nin En H\u0131zl\u0131 ve G\u00fcvenilir Casinosu - Slot &amp; Rulet &amp; Blackjack"},"image":{"@id":"https:\/\/betsnice.net\/#\/schema\/logo\/image\/"}}]}},"amp_enabled":true,"_links":{"self":[{"href":"https:\/\/betsnice.net\/index.php?rest_route=\/wp\/v2\/pages\/520","targetHints":{"allow":["GET"]}}],"collection":[{"href":"https:\/\/betsnice.net\/index.php?rest_route=\/wp\/v2\/pages"}],"about":[{"href":"https:\/\/betsnice.net\/index.php?rest_route=\/wp\/v2\/types\/page"}],"author":[{"embeddable":true,"href":"https:\/\/betsnice.net\/index.php?rest_route=\/wp\/v2\/users\/1"}],"replies":[{"embeddable":true,"href":"https:\/\/betsnice.net\/index.php?rest_route=%2Fwp%2Fv2%2Fcomments&post=520"}],"version-history":[{"count":3,"href":"https:\/\/betsnice.net\/index.php?rest_route=\/wp\/v2\/pages\/520\/revisions"}],"predecessor-version":[{"id":988,"href":"https:\/\/betsnice.net\/index.php?rest_route=\/wp\/v2\/pages\/520\/revisions\/988"}],"wp:attachment":[{"href":"https:\/\/betsnice.net\/index.php?rest_route=%2Fwp%2Fv2%2Fmedia&parent=520"}],"curies":[{"name":"wp","href":"https:\/\/api.w.org\/{rel}","templated":true}]}}