{"id":942,"date":"2025-10-10T13:57:03","date_gmt":"2025-10-10T13:57:03","guid":{"rendered":"https:\/\/betsnice.net\/?page_id=942"},"modified":"2025-10-10T13:57:04","modified_gmt":"2025-10-10T13:57:04","slug":"bonuses-and-cashback-rules","status":"publish","type":"page","link":"https:\/\/betsnice.net\/?page_id=942&lang=en","title":{"rendered":"Bonuses and Cashback Rules"},"content":{"rendered":"\n<div class=\"wp-block-cover alignfull\" style=\"min-height:300px;aspect-ratio:unset;\"><img loading=\"lazy\" decoding=\"async\" width=\"1920\" height=\"1080\" class=\"wp-block-cover__image-background wp-image-447\" alt=\"\" src=\"http:\/\/betsnice.net\/wp-content\/uploads\/2024\/07\/nice-bg-min.jpg\" data-object-fit=\"cover\" srcset=\"https:\/\/betsnice.net\/wp-content\/uploads\/2024\/07\/nice-bg-min.jpg 1920w, https:\/\/betsnice.net\/wp-content\/uploads\/2024\/07\/nice-bg-min-300x169.jpg 300w, https:\/\/betsnice.net\/wp-content\/uploads\/2024\/07\/nice-bg-min-1024x576.jpg 1024w, https:\/\/betsnice.net\/wp-content\/uploads\/2024\/07\/nice-bg-min-768x432.jpg 768w, https:\/\/betsnice.net\/wp-content\/uploads\/2024\/07\/nice-bg-min-1536x864.jpg 1536w\" sizes=\"auto, (max-width: 1920px) 100vw, 1920px\" \/><span aria-hidden=\"true\" class=\"wp-block-cover__background has-nv-site-bg-background-color has-background-dim\"><\/span><div class=\"wp-block-cover__inner-container is-layout-flow wp-block-cover-is-layout-flow\">\n<div class=\"wp-block-group\"><div class=\"wp-block-group__inner-container is-layout-flow wp-block-group-is-layout-flow\">\n<h1 class=\"wp-block-heading has-text-align-center has-text-align-left has-neve-text-color-color has-text-color\">Bonuses and Cashback Rules<\/h1>\n<\/div><\/div>\n<\/div><\/div>\n\n\n\n<div style=\"height:60px\" aria-hidden=\"true\" class=\"wp-block-spacer\"><\/div>\n\n\n\n<h2 class=\"wp-block-heading\">Betsnice Bonusses<\/h2>\n\n\n\n<ol class=\"wp-block-list\">\n<li>100% Sports Welcome Bonus<\/li>\n\n\n\n<li>100% Casino Welcome Bonus<\/li>\n\n\n\n<li>20% Wager-Free Sports Bonus<\/li>\n\n\n\n<li>20% Wager-Free Casino Bonus<\/li>\n\n\n\n<li>25% Crypto Deposit Bonus<\/li>\n\n\n\n<li>10% Crypto Deposit Bonus<\/li>\n\n\n\n<li>No Deposit for One Match Promotion<\/li>\n\n\n\n<li>No Deposit for One Match Promotion in the NBA<\/li>\n\n\n\n<li>Betsnice Lottery<\/li>\n<\/ol>\n\n\n\n<p>The promotional rules found in each promotion section are included in the &#8220;General Bonus Rules.&#8221; Members who benefit from the relevant bonuses automatically agree to read and understand the relevant terms and conditions and to abide by the rules of the promotion they are participating in.<\/p>\n\n\n\n<p>In case of irregularities, Betsnice Risk Unit has the right to warn the member, request a re-transfer of principal, adjust the winnings, and close the account.<\/p>\n\n\n\n<h2 class=\"wp-block-heading\">Daily Withdrawal Table<\/h2>\n\n\n\n<p>Standard Daily Withdrawal Limit Table:<\/p>\n\n\n\n<p>You can easily withdraw with Cryptocurrencies.<\/p>\n\n\n\n<ul class=\"wp-block-list\">\n<li>You can withdraw a minimum of $10 per day.<\/li>\n\n\n\n<li>You can withdraw a maximum of $10,000 per day.<\/li>\n<\/ul>\n\n\n\n<p>Don&#8217;t forget to check our &#8220;Withdraw Money&#8221; page for the most up-to-date withdrawal limits.<\/p>\n\n\n\n<h2 class=\"wp-block-heading\">Betsnice Advantages:<\/h2>\n\n\n\n<p>\u2666\ufe0f As Betsnice, we offer you complete freedom by completely removing the general withdrawal maximum commitment amount, so you can withdraw your entire main balance within the limits every day without any interruption, without any general limit<\/p>\n\n\n\n<p>\u2666\ufe0f Betsnice doesn&#8217;t impose an upper withdrawal limit on the winnings from a bonus you receive. Simply complete the wagering requirements for the bonuses you use on our site.<\/p>\n\n\n\n<p>You can then withdraw all your earnings without interruption, within the daily limits.<\/p>\n\n\n\n<h2 class=\"wp-block-heading\">WHAT IS A MAIN CASH CONVERSION AND HOW IS IT DONE?<\/h2>\n\n\n\n<p>Each investment you make is subject to the main cash rollover in accordance with the general betting rules and money-loss prevention policies, as stated in the General Terms and Conditions section.<\/p>\n\n\n\n<p>The main bet rollover means you bet\/play the same amount as your initial deposit in USD. It doesn&#8217;t matter whether the bet wins or loses.<\/p>\n\n\n\n<p>Example: You win $500 by placing a $100 bet after depositing $200. Because your deposit is $200 and your total bet is $100, you cannot withdraw, and a $100 wager will be required. If you win $500 and then wager another $100 and lose, you will have placed a $100+100 bet = $200, completing your wager. You can then withdraw at any time.<\/p>\n\n\n\n<p>(In sports betting, the minimum odds are 1.30 or higher and the bet is settled. Cashed out bets are not included in the main balance or bonus rollover.)<\/p>\n","protected":false},"excerpt":{"rendered":"<p>Betsnice Bonusses The promotional rules found in each promotion section are included in the &#8220;General Bonus Rules.&#8221; Members who benefit from the relevant bonuses automatically agree to read and understand the relevant terms and conditions and to abide by the rules of the promotion they are participating in. In case of irregularities, Betsnice Risk Unit&hellip;&nbsp;<a href=\"https:\/\/betsnice.net\/?page_id=942&#038;lang=en\" rel=\"bookmark\">Read More &raquo;<span class=\"screen-reader-text\">Bonuses and Cashback Rules<\/span><\/a><\/p>\n","protected":false},"author":1,"featured_media":0,"parent":0,"menu_order":0,"comment_status":"closed","ping_status":"closed","template":"","meta":{"neve_meta_sidebar":"","neve_meta_container":"","neve_meta_enable_content_width":"on","neve_meta_content_width":100,"neve_meta_title_alignment":"","neve_meta_author_avatar":"","neve_post_elements_order":"","neve_meta_disable_header":"","neve_meta_disable_footer":"","neve_meta_disable_title":"on","footnotes":""},"class_list":["post-942","page","type-page","status-publish","hentry"],"yoast_head":"<!-- This site is optimized with the Yoast SEO plugin v26.0 - https:\/\/yoast.com\/wordpress\/plugins\/seo\/ -->\n<title>Bonuses and Cashback Rules - Betsnice | T\u00fcrkiye&#039;nin En H\u0131zl\u0131 ve G\u00fcvenilir Casinosu - Slot &amp; Rulet &amp; Blackjack<\/title>\n<meta name=\"robots\" content=\"index, follow, max-snippet:-1, max-image-preview:large, max-video-preview:-1\" \/>\n<link rel=\"canonical\" href=\"https:\/\/betsnice.net\/?page_id=942&lang=en\" \/>\n<meta property=\"og:locale\" content=\"en_US\" \/>\n<meta property=\"og:type\" content=\"article\" \/>\n<meta property=\"og:title\" content=\"Bonuses and Cashback Rules - Betsnice | T\u00fcrkiye&#039;nin En H\u0131zl\u0131 ve G\u00fcvenilir Casinosu - Slot &amp; Rulet &amp; Blackjack\" \/>\n<meta property=\"og:description\" content=\"Betsnice Bonusses The promotional rules found in each promotion section are included in the &#8220;General Bonus Rules.&#8221; Members who benefit from the relevant bonuses automatically agree to read and understand the relevant terms and conditions and to abide by the rules of the promotion they are participating in. In case of irregularities, Betsnice Risk Unit&hellip;&nbsp;Read More &raquo;Bonuses and Cashback Rules\" \/>\n<meta property=\"og:url\" content=\"https:\/\/betsnice.net\/?page_id=942&amp;lang=en\" \/>\n<meta property=\"og:site_name\" content=\"Betsnice | T\u00fcrkiye&#039;nin En H\u0131zl\u0131 ve G\u00fcvenilir Casinosu - Slot &amp; Rulet &amp; Blackjack\" \/>\n<meta property=\"article:modified_time\" content=\"2025-10-10T13:57:04+00:00\" \/>\n<meta property=\"og:image\" content=\"http:\/\/betsnice.net\/wp-content\/uploads\/2024\/07\/nice-bg-min.jpg\" \/>\n<meta name=\"twitter:card\" content=\"summary_large_image\" \/>\n<meta name=\"twitter:label1\" content=\"Est. reading time\" \/>\n\t<meta name=\"twitter:data1\" content=\"2 minutes\" \/>\n<script type=\"application\/ld+json\" class=\"yoast-schema-graph\">{\"@context\":\"https:\/\/schema.org\",\"@graph\":[{\"@type\":\"WebPage\",\"@id\":\"https:\/\/betsnice.net\/?page_id=942&lang=en\",\"url\":\"https:\/\/betsnice.net\/?page_id=942&lang=en\",\"name\":\"Bonuses and Cashback Rules - Betsnice | T\u00fcrkiye&#039;nin En H\u0131zl\u0131 ve G\u00fcvenilir Casinosu - Slot &amp; Rulet &amp; Blackjack\",\"isPartOf\":{\"@id\":\"https:\/\/betsnice.net\/#website\"},\"primaryImageOfPage\":{\"@id\":\"https:\/\/betsnice.net\/?page_id=942&lang=en#primaryimage\"},\"image\":{\"@id\":\"https:\/\/betsnice.net\/?page_id=942&lang=en#primaryimage\"},\"thumbnailUrl\":\"http:\/\/betsnice.net\/wp-content\/uploads\/2024\/07\/nice-bg-min.jpg\",\"datePublished\":\"2025-10-10T13:57:03+00:00\",\"dateModified\":\"2025-10-10T13:57:04+00:00\",\"breadcrumb\":{\"@id\":\"https:\/\/betsnice.net\/?page_id=942&lang=en#breadcrumb\"},\"inLanguage\":\"en-US\",\"potentialAction\":[{\"@type\":\"ReadAction\",\"target\":[\"https:\/\/betsnice.net\/?page_id=942&lang=en\"]}]},{\"@type\":\"ImageObject\",\"inLanguage\":\"en-US\",\"@id\":\"https:\/\/betsnice.net\/?page_id=942&lang=en#primaryimage\",\"url\":\"https:\/\/betsnice.net\/wp-content\/uploads\/2024\/07\/nice-bg-min.jpg\",\"contentUrl\":\"https:\/\/betsnice.net\/wp-content\/uploads\/2024\/07\/nice-bg-min.jpg\",\"width\":1920,\"height\":1080},{\"@type\":\"BreadcrumbList\",\"@id\":\"https:\/\/betsnice.net\/?page_id=942&lang=en#breadcrumb\",\"itemListElement\":[{\"@type\":\"ListItem\",\"position\":1,\"name\":\"Home\",\"item\":\"https:\/\/betsnice.net\/\"},{\"@type\":\"ListItem\",\"position\":2,\"name\":\"Bonuses and Cashback Rules\"}]},{\"@type\":\"WebSite\",\"@id\":\"https:\/\/betsnice.net\/#website\",\"url\":\"https:\/\/betsnice.net\/\",\"name\":\"Betsnice | T\u00fcrkiye&#039;nin En H\u0131zl\u0131 ve G\u00fcvenilir Casinosu - Slot &amp; Rulet &amp; Blackjack\",\"description\":\"\",\"publisher\":{\"@id\":\"https:\/\/betsnice.net\/#organization\"},\"potentialAction\":[{\"@type\":\"SearchAction\",\"target\":{\"@type\":\"EntryPoint\",\"urlTemplate\":\"https:\/\/betsnice.net\/?s={search_term_string}\"},\"query-input\":{\"@type\":\"PropertyValueSpecification\",\"valueRequired\":true,\"valueName\":\"search_term_string\"}}],\"inLanguage\":\"en-US\"},{\"@type\":\"Organization\",\"@id\":\"https:\/\/betsnice.net\/#organization\",\"name\":\"Betsnice | T\u00fcrkiye&#039;nin En H\u0131zl\u0131 ve G\u00fcvenilir Casinosu - Slot &amp; Rulet &amp; Blackjack\",\"url\":\"https:\/\/betsnice.net\/\",\"logo\":{\"@type\":\"ImageObject\",\"inLanguage\":\"en-US\",\"@id\":\"https:\/\/betsnice.net\/#\/schema\/logo\/image\/\",\"url\":\"https:\/\/betsnice.net\/wp-content\/uploads\/2024\/10\/logo-nice-4x.png\",\"contentUrl\":\"https:\/\/betsnice.net\/wp-content\/uploads\/2024\/10\/logo-nice-4x.png\",\"width\":830,\"height\":200,\"caption\":\"Betsnice | T\u00fcrkiye&#039;nin En H\u0131zl\u0131 ve G\u00fcvenilir Casinosu - Slot &amp; Rulet &amp; Blackjack\"},\"image\":{\"@id\":\"https:\/\/betsnice.net\/#\/schema\/logo\/image\/\"}}]}<\/script>\n<!-- \/ Yoast SEO plugin. -->","yoast_head_json":{"title":"Bonuses and Cashback Rules - Betsnice | T\u00fcrkiye&#039;nin En H\u0131zl\u0131 ve G\u00fcvenilir Casinosu - Slot &amp; Rulet &amp; Blackjack","robots":{"index":"index","follow":"follow","max-snippet":"max-snippet:-1","max-image-preview":"max-image-preview:large","max-video-preview":"max-video-preview:-1"},"canonical":"https:\/\/betsnice.net\/?page_id=942&lang=en","og_locale":"en_US","og_type":"article","og_title":"Bonuses and Cashback Rules - Betsnice | T\u00fcrkiye&#039;nin En H\u0131zl\u0131 ve G\u00fcvenilir Casinosu - Slot &amp; Rulet &amp; Blackjack","og_description":"Betsnice Bonusses The promotional rules found in each promotion section are included in the &#8220;General Bonus Rules.&#8221; Members who benefit from the relevant bonuses automatically agree to read and understand the relevant terms and conditions and to abide by the rules of the promotion they are participating in. In case of irregularities, Betsnice Risk Unit&hellip;&nbsp;Read More &raquo;Bonuses and Cashback Rules","og_url":"https:\/\/betsnice.net\/?page_id=942&lang=en","og_site_name":"Betsnice | T\u00fcrkiye&#039;nin En H\u0131zl\u0131 ve G\u00fcvenilir Casinosu - Slot &amp; Rulet &amp; Blackjack","article_modified_time":"2025-10-10T13:57:04+00:00","og_image":[{"url":"http:\/\/betsnice.net\/wp-content\/uploads\/2024\/07\/nice-bg-min.jpg","type":"","width":"","height":""}],"twitter_card":"summary_large_image","twitter_misc":{"Est. reading time":"2 minutes"},"schema":{"@context":"https:\/\/schema.org","@graph":[{"@type":"WebPage","@id":"https:\/\/betsnice.net\/?page_id=942&lang=en","url":"https:\/\/betsnice.net\/?page_id=942&lang=en","name":"Bonuses and Cashback Rules - Betsnice | T\u00fcrkiye&#039;nin En H\u0131zl\u0131 ve G\u00fcvenilir Casinosu - Slot &amp; Rulet &amp; Blackjack","isPartOf":{"@id":"https:\/\/betsnice.net\/#website"},"primaryImageOfPage":{"@id":"https:\/\/betsnice.net\/?page_id=942&lang=en#primaryimage"},"image":{"@id":"https:\/\/betsnice.net\/?page_id=942&lang=en#primaryimage"},"thumbnailUrl":"http:\/\/betsnice.net\/wp-content\/uploads\/2024\/07\/nice-bg-min.jpg","datePublished":"2025-10-10T13:57:03+00:00","dateModified":"2025-10-10T13:57:04+00:00","breadcrumb":{"@id":"https:\/\/betsnice.net\/?page_id=942&lang=en#breadcrumb"},"inLanguage":"en-US","potentialAction":[{"@type":"ReadAction","target":["https:\/\/betsnice.net\/?page_id=942&lang=en"]}]},{"@type":"ImageObject","inLanguage":"en-US","@id":"https:\/\/betsnice.net\/?page_id=942&lang=en#primaryimage","url":"https:\/\/betsnice.net\/wp-content\/uploads\/2024\/07\/nice-bg-min.jpg","contentUrl":"https:\/\/betsnice.net\/wp-content\/uploads\/2024\/07\/nice-bg-min.jpg","width":1920,"height":1080},{"@type":"BreadcrumbList","@id":"https:\/\/betsnice.net\/?page_id=942&lang=en#breadcrumb","itemListElement":[{"@type":"ListItem","position":1,"name":"Home","item":"https:\/\/betsnice.net\/"},{"@type":"ListItem","position":2,"name":"Bonuses and Cashback Rules"}]},{"@type":"WebSite","@id":"https:\/\/betsnice.net\/#website","url":"https:\/\/betsnice.net\/","name":"Betsnice | T\u00fcrkiye&#039;nin En H\u0131zl\u0131 ve G\u00fcvenilir Casinosu - Slot &amp; Rulet &amp; Blackjack","description":"","publisher":{"@id":"https:\/\/betsnice.net\/#organization"},"potentialAction":[{"@type":"SearchAction","target":{"@type":"EntryPoint","urlTemplate":"https:\/\/betsnice.net\/?s={search_term_string}"},"query-input":{"@type":"PropertyValueSpecification","valueRequired":true,"valueName":"search_term_string"}}],"inLanguage":"en-US"},{"@type":"Organization","@id":"https:\/\/betsnice.net\/#organization","name":"Betsnice | T\u00fcrkiye&#039;nin En H\u0131zl\u0131 ve G\u00fcvenilir Casinosu - Slot &amp; Rulet &amp; Blackjack","url":"https:\/\/betsnice.net\/","logo":{"@type":"ImageObject","inLanguage":"en-US","@id":"https:\/\/betsnice.net\/#\/schema\/logo\/image\/","url":"https:\/\/betsnice.net\/wp-content\/uploads\/2024\/10\/logo-nice-4x.png","contentUrl":"https:\/\/betsnice.net\/wp-content\/uploads\/2024\/10\/logo-nice-4x.png","width":830,"height":200,"caption":"Betsnice | T\u00fcrkiye&#039;nin En H\u0131zl\u0131 ve G\u00fcvenilir Casinosu - Slot &amp; Rulet &amp; Blackjack"},"image":{"@id":"https:\/\/betsnice.net\/#\/schema\/logo\/image\/"}}]}},"amp_enabled":true,"_links":{"self":[{"href":"https:\/\/betsnice.net\/index.php?rest_route=\/wp\/v2\/pages\/942","targetHints":{"allow":["GET"]}}],"collection":[{"href":"https:\/\/betsnice.net\/index.php?rest_route=\/wp\/v2\/pages"}],"about":[{"href":"https:\/\/betsnice.net\/index.php?rest_route=\/wp\/v2\/types\/page"}],"author":[{"embeddable":true,"href":"https:\/\/betsnice.net\/index.php?rest_route=\/wp\/v2\/users\/1"}],"replies":[{"embeddable":true,"href":"https:\/\/betsnice.net\/index.php?rest_route=%2Fwp%2Fv2%2Fcomments&post=942"}],"version-history":[{"count":1,"href":"https:\/\/betsnice.net\/index.php?rest_route=\/wp\/v2\/pages\/942\/revisions"}],"predecessor-version":[{"id":943,"href":"https:\/\/betsnice.net\/index.php?rest_route=\/wp\/v2\/pages\/942\/revisions\/943"}],"wp:attachment":[{"href":"https:\/\/betsnice.net\/index.php?rest_route=%2Fwp%2Fv2%2Fmedia&parent=942"}],"curies":[{"name":"wp","href":"https:\/\/api.w.org\/{rel}","templated":true}]}}